{"id":2193,"date":"2025-12-25T11:15:25","date_gmt":"2025-12-25T11:15:25","guid":{"rendered":"https:\/\/plusandpartners.com.tr\/?page_id=2193"},"modified":"2026-01-12T15:23:22","modified_gmt":"2026-01-12T12:23:22","slug":"ortak-alan","status":"publish","type":"page","link":"https:\/\/plusandpartners.com.tr\/en\/ortak-alan\/","title":{"rendered":"Ortak Alan"},"content":{"rendered":"<div data-elementor-type=\"wp-page\" data-elementor-id=\"2193\" class=\"elementor elementor-2193\" data-elementor-settings=\"{&quot;ha_cmc_init_switcher&quot;:&quot;no&quot;}\" data-elementor-post-type=\"page\">\n\t\t\t\t<div class=\"elementor-element elementor-element-3dd592b e-con-full e-flex e-con e-parent\" data-id=\"3dd592b\" data-element_type=\"container\" data-settings=\"{&quot;_ha_eqh_enable&quot;:false}\">\n\t\t<div class=\"elementor-element elementor-element-1bb5e99 e-con-full e-flex e-con e-child\" data-id=\"1bb5e99\" data-element_type=\"container\" data-settings=\"{&quot;_ha_eqh_enable&quot;:false}\">\n\t\t\t\t<div class=\"elementor-element elementor-element-b2d5471 elementor-widget__width-initial elementor-widget elementor-widget-text-editor\" data-id=\"b2d5471\" data-element_type=\"widget\" data-widget_type=\"text-editor.default\">\n\t\t\t\t\t<p>\u0130nsanlar\u0131n yollar\u0131n\u0131n kesi\u015fti\u011fi, fikirlerin payla\u015f\u0131ld\u0131\u011f\u0131 ve toplumsal haf\u0131zan\u0131n \u015fekillendi\u011fi bulu\u015fma noktalar\u0131&#8230; Duvarlar\u0131n ay\u0131rmad\u0131\u011f\u0131, aksine insanlar\u0131n bir araya gelmesi i\u00e7in \u015feffaf bir davet sundu\u011fu, demokratik ve nefes alan hacimler \u00fczerine yo\u011funla\u015f\u0131yoruz.<\/p>\t\t\t\t<\/div>\n\t\t\t\t<\/div>\n\t\t\t\t<\/div>\n\t\t<div class=\"elementor-element elementor-element-a8be9a2 e-con-full e-flex e-con e-parent\" data-id=\"a8be9a2\" data-element_type=\"container\" data-settings=\"{&quot;_ha_eqh_enable&quot;:false}\">\n\t\t<div data-ha-element-link=\"{&quot;url&quot;:&quot;https:\\\/\\\/plusandpartners.com.tr\\\/ortak-alan\\\/yeditepe-otobus-duragi\\\/&quot;,&quot;is_external&quot;:&quot;&quot;,&quot;nofollow&quot;:&quot;&quot;}\" style=\"cursor: pointer\" class=\"elementor-element elementor-element-845eb1e e-con-full e-flex e-con e-child\" data-id=\"845eb1e\" data-element_type=\"container\" data-settings=\"{&quot;_ha_eqh_enable&quot;:false}\">\n\t\t\t\t<div class=\"elementor-element elementor-element-eb0fff3 elementor-invisible elementor-widget elementor-widget-heading\" data-id=\"eb0fff3\" data-element_type=\"widget\" data-settings=\"{&quot;motion_fx_motion_fx_mouse&quot;:&quot;yes&quot;,&quot;_animation&quot;:&quot;fadeIn&quot;}\" data-widget_type=\"heading.default\">\n\t\t\t\t\t<h2 class=\"elementor-heading-title elementor-size-default\"><a href=\"https:\/\/plusandpartners.com.tr\/ortak-alan\/yeditepe-otobus-duragi\/\">Yeditepe Otob\u00fcs Dura\u011f\u0131<\/a><\/h2>\t\t\t\t<\/div>\n\t\t\t\t<\/div>\n\t\t\t\t<\/div>\n\t\t\t\t<\/div>","protected":false},"excerpt":{"rendered":"<p>\u0130nsanlar\u0131n yollar\u0131n\u0131n kesi\u015fti\u011fi, fikirlerin payla\u015f\u0131ld\u0131\u011f\u0131 ve toplumsal haf\u0131zan\u0131n \u015fekillendi\u011fi bulu\u015fma noktalar\u0131&#8230; Duvarlar\u0131n ay\u0131rmad\u0131\u011f\u0131, aksine insanlar\u0131n bir araya gelmesi i\u00e7in \u015feffaf bir davet sundu\u011fu, demokratik ve nefes alan hacimler \u00fczerine yo\u011funla\u015f\u0131yoruz. Yeditepe Otob\u00fcs Dura\u011f\u0131<\/p>","protected":false},"author":1,"featured_media":0,"parent":0,"menu_order":0,"comment_status":"closed","ping_status":"closed","template":"","meta":{"footnotes":""},"class_list":["post-2193","page","type-page","status-publish","hentry"],"yoast_head":"<!-- This site is optimized with the Yoast SEO plugin v26.5 - https:\/\/yoast.com\/wordpress\/plugins\/seo\/ -->\n<title>PLUS+Partners<\/title>\n<meta name=\"description\" content=\"+PLUS; mimari, i\u00e7 mek\u00e2n ve deneyim tasar\u0131m\u0131 alanlar\u0131nda, zamans\u0131z estetik ve i\u015flevselli\u011fi birle\u015ftiren multidisipliner bir tasar\u0131m st\u00fcdyosudur.\" \/>\n<meta name=\"robots\" content=\"index, follow, max-snippet:-1, max-image-preview:large, max-video-preview:-1\" \/>\n<link rel=\"canonical\" href=\"https:\/\/plusandpartners.com.tr\/en\/ortak-alan\/\" \/>\n<meta property=\"og:locale\" content=\"en_US\" \/>\n<meta property=\"og:type\" content=\"article\" \/>\n<meta property=\"og:title\" content=\"PLUS+Partners\" \/>\n<meta property=\"og:description\" content=\"+PLUS; mimari, i\u00e7 mek\u00e2n ve deneyim tasar\u0131m\u0131 alanlar\u0131nda, zamans\u0131z estetik ve i\u015flevselli\u011fi birle\u015ftiren multidisipliner bir tasar\u0131m st\u00fcdyosudur.\" \/>\n<meta property=\"og:url\" content=\"https:\/\/plusandpartners.com.tr\/en\/ortak-alan\/\" \/>\n<meta property=\"og:site_name\" content=\"PLUS+Partners\" \/>\n<meta property=\"article:modified_time\" content=\"2026-01-12T12:23:22+00:00\" \/>\n<meta property=\"og:image\" content=\"https:\/\/plusandpartners.com.tr\/wp-content\/uploads\/2025\/12\/cropped-cropped-siyah-PLuspng.png?wsr\" \/>\n\t<meta property=\"og:image:width\" content=\"512\" \/>\n\t<meta property=\"og:image:height\" content=\"512\" \/>\n\t<meta property=\"og:image:type\" content=\"image\/png\" \/>\n<meta name=\"twitter:card\" content=\"summary_large_image\" \/>\n<meta name=\"twitter:label1\" content=\"Est. reading time\" \/>\n\t<meta name=\"twitter:data1\" content=\"1 minute\" \/>\n<script type=\"application\/ld+json\" class=\"yoast-schema-graph\">{\"@context\":\"https:\/\/schema.org\",\"@graph\":[{\"@type\":\"WebPage\",\"@id\":\"https:\/\/plusandpartners.com.tr\/en\/ortak-alan\/\",\"url\":\"https:\/\/plusandpartners.com.tr\/en\/ortak-alan\/\",\"name\":\"PLUS+Partners\",\"isPartOf\":{\"@id\":\"https:\/\/plusandpartners.com.tr\/#website\"},\"datePublished\":\"2025-12-25T11:15:25+00:00\",\"dateModified\":\"2026-01-12T12:23:22+00:00\",\"description\":\"+PLUS; mimari, i\u00e7 mek\u00e2n ve deneyim tasar\u0131m\u0131 alanlar\u0131nda, zamans\u0131z estetik ve i\u015flevselli\u011fi birle\u015ftiren multidisipliner bir tasar\u0131m st\u00fcdyosudur.\",\"breadcrumb\":{\"@id\":\"https:\/\/plusandpartners.com.tr\/en\/ortak-alan\/#breadcrumb\"},\"inLanguage\":\"en-US\",\"potentialAction\":[{\"@type\":\"ReadAction\",\"target\":[\"https:\/\/plusandpartners.com.tr\/en\/ortak-alan\/\"]}]},{\"@type\":\"BreadcrumbList\",\"@id\":\"https:\/\/plusandpartners.com.tr\/en\/ortak-alan\/#breadcrumb\",\"itemListElement\":[{\"@type\":\"ListItem\",\"position\":1,\"name\":\"Home\",\"item\":\"http:\/\/plusandpartners.com.tr\/\"},{\"@type\":\"ListItem\",\"position\":2,\"name\":\"Ortak Alan\"}]},{\"@type\":\"WebSite\",\"@id\":\"https:\/\/plusandpartners.com.tr\/#website\",\"url\":\"https:\/\/plusandpartners.com.tr\/\",\"name\":\"PLUS+Partners\",\"description\":\"PLUS+Partners Interior &amp; Architecture\",\"publisher\":{\"@id\":\"https:\/\/plusandpartners.com.tr\/#organization\"},\"potentialAction\":[{\"@type\":\"SearchAction\",\"target\":{\"@type\":\"EntryPoint\",\"urlTemplate\":\"https:\/\/plusandpartners.com.tr\/?s={search_term_string}\"},\"query-input\":{\"@type\":\"PropertyValueSpecification\",\"valueRequired\":true,\"valueName\":\"search_term_string\"}}],\"inLanguage\":\"en-US\"},{\"@type\":\"Organization\",\"@id\":\"https:\/\/plusandpartners.com.tr\/#organization\",\"name\":\"PLUS+Partners\",\"alternateName\":\"PLUS+Partners Interior & Architecture\",\"url\":\"https:\/\/plusandpartners.com.tr\/\",\"logo\":{\"@type\":\"ImageObject\",\"inLanguage\":\"en-US\",\"@id\":\"https:\/\/plusandpartners.com.tr\/#\/schema\/logo\/image\/\",\"url\":\"https:\/\/plusandpartners.com.tr\/wp-content\/uploads\/2025\/12\/cropped-cropped-siyah-PLuspng.png?wsr\",\"contentUrl\":\"https:\/\/plusandpartners.com.tr\/wp-content\/uploads\/2025\/12\/cropped-cropped-siyah-PLuspng.png?wsr\",\"width\":512,\"height\":512,\"caption\":\"PLUS+Partners\"},\"image\":{\"@id\":\"https:\/\/plusandpartners.com.tr\/#\/schema\/logo\/image\/\"}}]}<\/script>\n<!-- \/ Yoast SEO plugin. -->","yoast_head_json":{"title":"PLUS+Partners","description":"+PLUS; mimari, i\u00e7 mek\u00e2n ve deneyim tasar\u0131m\u0131 alanlar\u0131nda, zamans\u0131z estetik ve i\u015flevselli\u011fi birle\u015ftiren multidisipliner bir tasar\u0131m st\u00fcdyosudur.","robots":{"index":"index","follow":"follow","max-snippet":"max-snippet:-1","max-image-preview":"max-image-preview:large","max-video-preview":"max-video-preview:-1"},"canonical":"https:\/\/plusandpartners.com.tr\/en\/ortak-alan\/","og_locale":"en_US","og_type":"article","og_title":"PLUS+Partners","og_description":"+PLUS; mimari, i\u00e7 mek\u00e2n ve deneyim tasar\u0131m\u0131 alanlar\u0131nda, zamans\u0131z estetik ve i\u015flevselli\u011fi birle\u015ftiren multidisipliner bir tasar\u0131m st\u00fcdyosudur.","og_url":"https:\/\/plusandpartners.com.tr\/en\/ortak-alan\/","og_site_name":"PLUS+Partners","article_modified_time":"2026-01-12T12:23:22+00:00","og_image":[{"width":512,"height":512,"url":"https:\/\/plusandpartners.com.tr\/wp-content\/uploads\/2025\/12\/cropped-cropped-siyah-PLuspng.png?wsr","type":"image\/png"}],"twitter_card":"summary_large_image","twitter_misc":{"Est. reading time":"1 minute"},"schema":{"@context":"https:\/\/schema.org","@graph":[{"@type":"WebPage","@id":"https:\/\/plusandpartners.com.tr\/en\/ortak-alan\/","url":"https:\/\/plusandpartners.com.tr\/en\/ortak-alan\/","name":"PLUS+Partners","isPartOf":{"@id":"https:\/\/plusandpartners.com.tr\/#website"},"datePublished":"2025-12-25T11:15:25+00:00","dateModified":"2026-01-12T12:23:22+00:00","description":"+PLUS; mimari, i\u00e7 mek\u00e2n ve deneyim tasar\u0131m\u0131 alanlar\u0131nda, zamans\u0131z estetik ve i\u015flevselli\u011fi birle\u015ftiren multidisipliner bir tasar\u0131m st\u00fcdyosudur.","breadcrumb":{"@id":"https:\/\/plusandpartners.com.tr\/en\/ortak-alan\/#breadcrumb"},"inLanguage":"en-US","potentialAction":[{"@type":"ReadAction","target":["https:\/\/plusandpartners.com.tr\/en\/ortak-alan\/"]}]},{"@type":"BreadcrumbList","@id":"https:\/\/plusandpartners.com.tr\/en\/ortak-alan\/#breadcrumb","itemListElement":[{"@type":"ListItem","position":1,"name":"Home","item":"http:\/\/plusandpartners.com.tr\/"},{"@type":"ListItem","position":2,"name":"Ortak Alan"}]},{"@type":"WebSite","@id":"https:\/\/plusandpartners.com.tr\/#website","url":"https:\/\/plusandpartners.com.tr\/","name":"PLUS+Partners","description":"PLUS+Partners Interior &amp; Architecture","publisher":{"@id":"https:\/\/plusandpartners.com.tr\/#organization"},"potentialAction":[{"@type":"SearchAction","target":{"@type":"EntryPoint","urlTemplate":"https:\/\/plusandpartners.com.tr\/?s={search_term_string}"},"query-input":{"@type":"PropertyValueSpecification","valueRequired":true,"valueName":"search_term_string"}}],"inLanguage":"en-US"},{"@type":"Organization","@id":"https:\/\/plusandpartners.com.tr\/#organization","name":"PLUS+Partners","alternateName":"PLUS+Partners Interior & Architecture","url":"https:\/\/plusandpartners.com.tr\/","logo":{"@type":"ImageObject","inLanguage":"en-US","@id":"https:\/\/plusandpartners.com.tr\/#\/schema\/logo\/image\/","url":"https:\/\/plusandpartners.com.tr\/wp-content\/uploads\/2025\/12\/cropped-cropped-siyah-PLuspng.png?wsr","contentUrl":"https:\/\/plusandpartners.com.tr\/wp-content\/uploads\/2025\/12\/cropped-cropped-siyah-PLuspng.png?wsr","width":512,"height":512,"caption":"PLUS+Partners"},"image":{"@id":"https:\/\/plusandpartners.com.tr\/#\/schema\/logo\/image\/"}}]}},"_links":{"self":[{"href":"https:\/\/plusandpartners.com.tr\/en\/wp-json\/wp\/v2\/pages\/2193","targetHints":{"allow":["GET"]}}],"collection":[{"href":"https:\/\/plusandpartners.com.tr\/en\/wp-json\/wp\/v2\/pages"}],"about":[{"href":"https:\/\/plusandpartners.com.tr\/en\/wp-json\/wp\/v2\/types\/page"}],"author":[{"embeddable":true,"href":"https:\/\/plusandpartners.com.tr\/en\/wp-json\/wp\/v2\/users\/1"}],"replies":[{"embeddable":true,"href":"https:\/\/plusandpartners.com.tr\/en\/wp-json\/wp\/v2\/comments?post=2193"}],"version-history":[{"count":26,"href":"https:\/\/plusandpartners.com.tr\/en\/wp-json\/wp\/v2\/pages\/2193\/revisions"}],"predecessor-version":[{"id":3253,"href":"https:\/\/plusandpartners.com.tr\/en\/wp-json\/wp\/v2\/pages\/2193\/revisions\/3253"}],"wp:attachment":[{"href":"https:\/\/plusandpartners.com.tr\/en\/wp-json\/wp\/v2\/media?parent=2193"}],"curies":[{"name":"wp","href":"https:\/\/api.w.org\/{rel}","templated":true}]}}