{"id":399,"date":"2025-11-29T00:05:12","date_gmt":"2025-11-29T00:05:12","guid":{"rendered":"http:\/\/plusandpartners.com.tr\/?page_id=399"},"modified":"2026-01-16T16:14:05","modified_gmt":"2026-01-16T13:14:05","slug":"iletisim","status":"publish","type":"page","link":"https:\/\/plusandpartners.com.tr\/en\/iletisim\/","title":{"rendered":"\u0130leti\u015fim"},"content":{"rendered":"<div data-elementor-type=\"wp-page\" data-elementor-id=\"399\" class=\"elementor elementor-399\" data-elementor-settings=\"{&quot;ha_cmc_init_switcher&quot;:&quot;no&quot;}\" data-elementor-post-type=\"page\">\n\t\t\t\t<div class=\"elementor-element elementor-element-792e95a e-con-full e-flex e-con e-parent\" data-id=\"792e95a\" data-element_type=\"container\" data-settings=\"{&quot;_ha_eqh_enable&quot;:false}\">\n\t\t<div class=\"elementor-element elementor-element-660647c e-con-full e-flex e-con e-child\" data-id=\"660647c\" data-element_type=\"container\" data-settings=\"{&quot;_ha_eqh_enable&quot;:false}\">\n\t\t\t\t<div class=\"elementor-element elementor-element-8c54dda elementor-widget__width-initial elementor-widget elementor-widget-heading\" data-id=\"8c54dda\" data-element_type=\"widget\" data-widget_type=\"heading.default\">\n\t\t\t\t\t<h2 class=\"elementor-heading-title elementor-size-default\">Projenizi <em>Birlikte<\/em>\nHayata Ge\u00e7irelim<\/h2>\t\t\t\t<\/div>\n\t\t\t\t<div class=\"elementor-element elementor-element-b7d0ac5 elementor-widget__width-initial elementor-widget-mobile__width-inherit elementor-widget elementor-widget-text-editor\" data-id=\"b7d0ac5\" data-element_type=\"widget\" data-widget_type=\"text-editor.default\">\n\t\t\t\t\t<p>Her mekan\u0131n anlatacak bir hikayesi vard\u0131r, biz o hikayeyi sizinle birlikte yazmak istiyoruz. Yeni bir yap\u0131 y\u00fckseltmekten mevcut alan\u0131n\u0131za yepyeni bir soluk getirmeye kadar, her ad\u0131mda yan\u0131n\u0131zday\u0131z.<\/p><p>\u00d6nceli\u011fimiz; ihtiya\u00e7lar\u0131n\u0131z\u0131 ve hayal etti\u011finiz esteti\u011fi tam merkezine alan \u00e7\u00f6z\u00fcmler \u00fcretmek. Gelin, karakterinizi yans\u0131tan ve i\u00e7inde kendinizi en iyi hissedece\u011finiz o zamans\u0131z mekan\u0131 birlikte kurgulayal\u0131m. Proje detaylar\u0131n\u0131z\u0131 bize iletin, ekibimiz s\u00fcreci kolayla\u015ft\u0131rmak i\u00e7in hemen size ula\u015fs\u0131n.<\/p>\t\t\t\t<\/div>\n\t\t<div class=\"elementor-element elementor-element-e519232 e-con-full e-flex e-con e-child\" data-id=\"e519232\" data-element_type=\"container\" data-settings=\"{&quot;_ha_eqh_enable&quot;:false}\">\n\t\t<div data-ha-element-link=\"{&quot;url&quot;:&quot;https:\\\/\\\/plusandpartners.com.tr\\\/ofis\\\/k-center-calisma-ofisleri\\\/&quot;,&quot;is_external&quot;:&quot;&quot;,&quot;nofollow&quot;:&quot;&quot;}\" style=\"cursor: pointer\" class=\"elementor-element elementor-element-f4f4327 e-con-full e-flex e-con e-child\" data-id=\"f4f4327\" data-element_type=\"container\" data-settings=\"{&quot;_ha_eqh_enable&quot;:false}\">\n\t\t\t\t<\/div>\n\t\t\t\t<div class=\"elementor-element elementor-element-2e78591 elementor-widget__width-initial elementor-widget elementor-widget-google_maps\" data-id=\"2e78591\" data-element_type=\"widget\" data-widget_type=\"google_maps.default\">\n\t\t\t\t\t<div class=\"elementor-custom-embed\">\n\t\t\t<iframe loading=\"lazy\"\n\t\t\t\t\tsrc=\"https:\/\/maps.google.com\/maps?q=Caddebostan%2C%20Operat%C3%B6r%20Cemil%20Topuzlu%20Cd.%2087%2FA%2C%2034728%20Kad%C4%B1k%C3%B6y%2F%C4%B0stanbul&#038;t=m&#038;z=15&#038;output=embed&#038;iwloc=near\"\n\t\t\t\t\ttitle=\"Caddebostan, Operat\u00f6r Cemil Topuzlu Cd. 87\/A, 34728 Kad\u0131k\u00f6y\/\u0130stanbul\"\n\t\t\t\t\taria-label=\"Caddebostan, Operat\u00f6r Cemil Topuzlu Cd. 87\/A, 34728 Kad\u0131k\u00f6y\/\u0130stanbul\"\n\t\t\t><\/iframe>\n\t\t<\/div>\t\t\t\t<\/div>\n\t\t\t\t<\/div>\n\t\t\t\t<\/div>\n\t\t<div class=\"elementor-element elementor-element-b2dfcb5 e-con-full e-flex e-con e-child\" data-id=\"b2dfcb5\" data-element_type=\"container\" data-settings=\"{&quot;background_background&quot;:&quot;classic&quot;,&quot;_ha_eqh_enable&quot;:false}\">\n\t\t\t\t<div class=\"elementor-element elementor-element-7fdbf40 elementor-button-align-stretch elementor-widget elementor-widget-form\" data-id=\"7fdbf40\" data-element_type=\"widget\" data-settings=\"{&quot;step_next_label&quot;:&quot;Next&quot;,&quot;step_previous_label&quot;:&quot;Previous&quot;,&quot;button_width&quot;:&quot;100&quot;,&quot;step_type&quot;:&quot;number_text&quot;,&quot;step_icon_shape&quot;:&quot;circle&quot;}\" data-widget_type=\"form.default\">\n\t\t\t\t\t<form class=\"elementor-form\" method=\"post\" name=\"\u0130leti\u015fim Formu\" aria-label=\"\u0130leti\u015fim Formu\" action=\"\">\n\t\t\t<input type=\"hidden\" name=\"post_id\" value=\"399\"\/>\n\t\t\t<input type=\"hidden\" name=\"form_id\" value=\"7fdbf40\"\/>\n\t\t\t<input type=\"hidden\" name=\"referer_title\" value=\"PLUS+Partners\" \/>\n\n\t\t\t\n\t\t\t<div class=\"elementor-form-fields-wrapper elementor-labels-above\">\n\t\t\t\t\t\t\t\t<div class=\"elementor-field-type-text elementor-field-group elementor-column elementor-field-group-Ad elementor-col-50 elementor-field-required\">\n\t\t\t\t\t\t\t\t\t\t\t\t<label for=\"form-field-Ad\" class=\"elementor-field-label\">\n\t\t\t\t\t\t\t\tAd\u0131n\u0131z\t\t\t\t\t\t\t<\/label>\n\t\t\t\t\t\t\t\t\t\t\t\t\t\t<input size=\"1\" type=\"text\" name=\"form_fields[Ad]\" id=\"form-field-Ad\" class=\"elementor-field elementor-size-md  elementor-field-textual\" placeholder=\"Ad\u0131n\u0131z\" required=\"required\">\n\t\t\t\t\t\t\t\t\t\t\t<\/div>\n\t\t\t\t\t\t\t\t<div class=\"elementor-field-type-text elementor-field-group elementor-column elementor-field-group-soyadiniz elementor-col-50 elementor-field-required\">\n\t\t\t\t\t\t\t\t\t\t\t\t<label for=\"form-field-soyadiniz\" class=\"elementor-field-label\">\n\t\t\t\t\t\t\t\tSoyad\u0131n\u0131z\t\t\t\t\t\t\t<\/label>\n\t\t\t\t\t\t\t\t\t\t\t\t\t\t<input size=\"1\" type=\"text\" name=\"form_fields[soyadiniz]\" id=\"form-field-soyadiniz\" class=\"elementor-field elementor-size-md  elementor-field-textual\" placeholder=\"Soyad\u0131n\u0131z\" required=\"required\">\n\t\t\t\t\t\t\t\t\t\t\t<\/div>\n\t\t\t\t\t\t\t\t<div class=\"elementor-field-type-email elementor-field-group elementor-column elementor-field-group-email elementor-col-100 elementor-field-required\">\n\t\t\t\t\t\t\t\t\t\t\t\t<label for=\"form-field-email\" class=\"elementor-field-label\">\n\t\t\t\t\t\t\t\tEmail\t\t\t\t\t\t\t<\/label>\n\t\t\t\t\t\t\t\t\t\t\t\t\t\t<input size=\"1\" type=\"email\" name=\"form_fields[email]\" id=\"form-field-email\" class=\"elementor-field elementor-size-md  elementor-field-textual\" placeholder=\"Email\" required=\"required\">\n\t\t\t\t\t\t\t\t\t\t\t<\/div>\n\t\t\t\t\t\t\t\t<div class=\"elementor-field-type-tel elementor-field-group elementor-column elementor-field-group-telefon elementor-col-100 elementor-field-required\">\n\t\t\t\t\t\t\t\t\t\t\t\t<label for=\"form-field-telefon\" class=\"elementor-field-label\">\n\t\t\t\t\t\t\t\tTelefon Numaras\u0131 (Optional)\t\t\t\t\t\t\t<\/label>\n\t\t\t\t\t\t\t\t<input size=\"1\" type=\"tel\" name=\"form_fields[telefon]\" id=\"form-field-telefon\" class=\"elementor-field elementor-size-md  elementor-field-textual\" placeholder=\"Telefon Numaras\u0131\" required=\"required\" pattern=\"[0-9()#&amp;+*-=.]+\" title=\"Only numbers and phone characters (#, -, *, etc) are accepted.\">\n\n\t\t\t\t\t\t<\/div>\n\t\t\t\t\t\t\t\t<div class=\"elementor-field-type-text elementor-field-group elementor-column elementor-field-group-firma_adi elementor-col-100 elementor-field-required\">\n\t\t\t\t\t\t\t\t\t\t\t\t<label for=\"form-field-firma_adi\" class=\"elementor-field-label\">\n\t\t\t\t\t\t\t\tFirma Ad\u0131\t\t\t\t\t\t\t<\/label>\n\t\t\t\t\t\t\t\t\t\t\t\t\t\t<input size=\"1\" type=\"text\" name=\"form_fields[firma_adi]\" id=\"form-field-firma_adi\" class=\"elementor-field elementor-size-md  elementor-field-textual\" placeholder=\"Firma Ad\u0131\" required=\"required\">\n\t\t\t\t\t\t\t\t\t\t\t<\/div>\n\t\t\t\t\t\t\t\t<div class=\"elementor-field-type-text elementor-field-group elementor-column elementor-field-group-proje_konumu elementor-col-100\">\n\t\t\t\t\t\t\t\t\t\t\t\t<label for=\"form-field-proje_konumu\" class=\"elementor-field-label\">\n\t\t\t\t\t\t\t\tProje Konumu\t\t\t\t\t\t\t<\/label>\n\t\t\t\t\t\t\t\t\t\t\t\t\t\t<input size=\"1\" type=\"text\" name=\"form_fields[proje_konumu]\" id=\"form-field-proje_konumu\" class=\"elementor-field elementor-size-md  elementor-field-textual\" placeholder=\"Proje Konumu\">\n\t\t\t\t\t\t\t\t\t\t\t<\/div>\n\t\t\t\t\t\t\t\t<div class=\"elementor-field-type-checkbox elementor-field-group elementor-column elementor-field-group-field_397b3b9 elementor-col-100 elementor-sm-100\">\n\t\t\t\t\t\t\t\t\t\t\t\t<label for=\"form-field-field_397b3b9\" class=\"elementor-field-label\">\n\t\t\t\t\t\t\t\tProje Tipi\t\t\t\t\t\t\t<\/label>\n\t\t\t\t\t\t<div class=\"elementor-field-subgroup  elementor-subgroup-inline\"><span class=\"elementor-field-option\"><input type=\"checkbox\" value=\"Yap\u0131\" id=\"form-field-field_397b3b9-0\" name=\"form_fields[field_397b3b9][]\"> <label for=\"form-field-field_397b3b9-0\">Yap\u0131<\/label><\/span><span class=\"elementor-field-option\"><input type=\"checkbox\" value=\"Ev\" id=\"form-field-field_397b3b9-1\" name=\"form_fields[field_397b3b9][]\"> <label for=\"form-field-field_397b3b9-1\">Ev<\/label><\/span><span class=\"elementor-field-option\"><input type=\"checkbox\" value=\"\u00c7al\u0131\u015fma Alan\u0131\" id=\"form-field-field_397b3b9-2\" name=\"form_fields[field_397b3b9][]\"> <label for=\"form-field-field_397b3b9-2\">\u00c7al\u0131\u015fma Alan\u0131<\/label><\/span><span class=\"elementor-field-option\"><input type=\"checkbox\" value=\"Yenileme\" id=\"form-field-field_397b3b9-3\" name=\"form_fields[field_397b3b9][]\"> <label for=\"form-field-field_397b3b9-3\">Yenileme<\/label><\/span><span class=\"elementor-field-option\"><input type=\"checkbox\" value=\"Di\u011fer\" id=\"form-field-field_397b3b9-4\" name=\"form_fields[field_397b3b9][]\"> <label for=\"form-field-field_397b3b9-4\">Di\u011fer<\/label><\/span><\/div>\t\t\t\t<\/div>\n\t\t\t\t\t\t\t\t<div class=\"elementor-field-type-textarea elementor-field-group elementor-column elementor-field-group-mesaj elementor-col-100\">\n\t\t\t\t\t\t\t\t\t\t\t\t<label for=\"form-field-mesaj\" class=\"elementor-field-label\">\n\t\t\t\t\t\t\t\tBizi nas\u0131l duydunuz? \t\t\t\t\t\t\t<\/label>\n\t\t\t\t\t\t<textarea class=\"elementor-field-textual elementor-field  elementor-size-md\" name=\"form_fields[mesaj]\" id=\"form-field-mesaj\" rows=\"4\" placeholder=\"Bizi nas\u0131l duydunuz? \"><\/textarea>\t\t\t\t<\/div>\n\t\t\t\t\t\t\t\t<div class=\"elementor-field-group elementor-column elementor-field-type-submit elementor-col-100 e-form__buttons\">\n\t\t\t\t\t<button class=\"elementor-button elementor-size-sm elementor-animation-float\" type=\"submit\">\n\t\t\t\t\t\t<span class=\"elementor-button-content-wrapper\">\n\t\t\t\t\t\t\t\t\t\t\t\t\t\t\t\t\t\t\t\t\t\t<span class=\"elementor-button-text\">G\u00f6nder<\/span>\n\t\t\t\t\t\t\t\t\t\t\t\t\t<\/span>\n\t\t\t\t\t<\/button>\n\t\t\t\t<\/div>\n\t\t\t<\/div>\n\t\t<input type=\"hidden\" name=\"trp-form-language\" value=\"en\"\/><\/form>\t\t\t\t<\/div>\n\t\t\t\t<\/div>\n\t\t\t\t<\/div>\n\t\t\t\t<\/div>","protected":false},"excerpt":{"rendered":"<p>Projenizi Birlikte Hayata Ge\u00e7irelim Her mekan\u0131n anlatacak bir hikayesi vard\u0131r, biz o hikayeyi sizinle birlikte yazmak istiyoruz. Yeni bir yap\u0131 y\u00fckseltmekten mevcut alan\u0131n\u0131za yepyeni bir soluk getirmeye kadar, her ad\u0131mda yan\u0131n\u0131zday\u0131z. \u00d6nceli\u011fimiz; ihtiya\u00e7lar\u0131n\u0131z\u0131 ve hayal etti\u011finiz esteti\u011fi tam merkezine alan \u00e7\u00f6z\u00fcmler \u00fcretmek. Gelin, karakterinizi yans\u0131tan ve i\u00e7inde kendinizi en iyi hissedece\u011finiz o zamans\u0131z mekan\u0131 birlikte [&hellip;]<\/p>","protected":false},"author":1,"featured_media":0,"parent":0,"menu_order":0,"comment_status":"closed","ping_status":"closed","template":"","meta":{"footnotes":""},"class_list":["post-399","page","type-page","status-publish","hentry"],"yoast_head":"<!-- This site is optimized with the Yoast SEO plugin v26.5 - https:\/\/yoast.com\/wordpress\/plugins\/seo\/ -->\n<title>PLUS+Partners<\/title>\n<meta name=\"description\" content=\"+PLUS; mimari, i\u00e7 mek\u00e2n ve deneyim tasar\u0131m\u0131 alanlar\u0131nda, zamans\u0131z estetik ve i\u015flevselli\u011fi birle\u015ftiren multidisipliner bir tasar\u0131m st\u00fcdyosudur.\" \/>\n<meta name=\"robots\" content=\"index, follow, max-snippet:-1, max-image-preview:large, max-video-preview:-1\" \/>\n<link rel=\"canonical\" href=\"https:\/\/plusandpartners.com.tr\/en\/iletisim\/\" \/>\n<meta property=\"og:locale\" content=\"en_US\" \/>\n<meta property=\"og:type\" content=\"article\" \/>\n<meta property=\"og:title\" content=\"PLUS+Partners\" \/>\n<meta property=\"og:description\" content=\"+PLUS; mimari, i\u00e7 mek\u00e2n ve deneyim tasar\u0131m\u0131 alanlar\u0131nda, zamans\u0131z estetik ve i\u015flevselli\u011fi birle\u015ftiren multidisipliner bir tasar\u0131m st\u00fcdyosudur.\" \/>\n<meta property=\"og:url\" content=\"https:\/\/plusandpartners.com.tr\/en\/iletisim\/\" \/>\n<meta property=\"og:site_name\" content=\"PLUS+Partners\" \/>\n<meta property=\"article:modified_time\" content=\"2026-01-16T13:14:05+00:00\" \/>\n<meta property=\"og:image\" content=\"https:\/\/plusandpartners.com.tr\/wp-content\/uploads\/2025\/12\/cropped-cropped-siyah-PLuspng.png?wsr\" \/>\n\t<meta property=\"og:image:width\" content=\"512\" \/>\n\t<meta property=\"og:image:height\" content=\"512\" \/>\n\t<meta property=\"og:image:type\" content=\"image\/png\" \/>\n<meta name=\"twitter:card\" content=\"summary_large_image\" \/>\n<meta name=\"twitter:label1\" content=\"Est. reading time\" \/>\n\t<meta name=\"twitter:data1\" content=\"1 minute\" \/>\n<script type=\"application\/ld+json\" class=\"yoast-schema-graph\">{\"@context\":\"https:\/\/schema.org\",\"@graph\":[{\"@type\":\"WebPage\",\"@id\":\"https:\/\/plusandpartners.com.tr\/en\/iletisim\/\",\"url\":\"https:\/\/plusandpartners.com.tr\/en\/iletisim\/\",\"name\":\"PLUS+Partners\",\"isPartOf\":{\"@id\":\"https:\/\/plusandpartners.com.tr\/#website\"},\"datePublished\":\"2025-11-29T00:05:12+00:00\",\"dateModified\":\"2026-01-16T13:14:05+00:00\",\"description\":\"+PLUS; mimari, i\u00e7 mek\u00e2n ve deneyim tasar\u0131m\u0131 alanlar\u0131nda, zamans\u0131z estetik ve i\u015flevselli\u011fi birle\u015ftiren multidisipliner bir tasar\u0131m st\u00fcdyosudur.\",\"breadcrumb\":{\"@id\":\"https:\/\/plusandpartners.com.tr\/en\/iletisim\/#breadcrumb\"},\"inLanguage\":\"en-US\",\"potentialAction\":[{\"@type\":\"ReadAction\",\"target\":[\"https:\/\/plusandpartners.com.tr\/en\/iletisim\/\"]}]},{\"@type\":\"BreadcrumbList\",\"@id\":\"https:\/\/plusandpartners.com.tr\/en\/iletisim\/#breadcrumb\",\"itemListElement\":[{\"@type\":\"ListItem\",\"position\":1,\"name\":\"Home\",\"item\":\"http:\/\/plusandpartners.com.tr\/\"},{\"@type\":\"ListItem\",\"position\":2,\"name\":\"\u0130leti\u015fim\"}]},{\"@type\":\"WebSite\",\"@id\":\"https:\/\/plusandpartners.com.tr\/#website\",\"url\":\"https:\/\/plusandpartners.com.tr\/\",\"name\":\"PLUS+Partners\",\"description\":\"PLUS+Partners Interior &amp; Architecture\",\"publisher\":{\"@id\":\"https:\/\/plusandpartners.com.tr\/#organization\"},\"potentialAction\":[{\"@type\":\"SearchAction\",\"target\":{\"@type\":\"EntryPoint\",\"urlTemplate\":\"https:\/\/plusandpartners.com.tr\/?s={search_term_string}\"},\"query-input\":{\"@type\":\"PropertyValueSpecification\",\"valueRequired\":true,\"valueName\":\"search_term_string\"}}],\"inLanguage\":\"en-US\"},{\"@type\":\"Organization\",\"@id\":\"https:\/\/plusandpartners.com.tr\/#organization\",\"name\":\"PLUS+Partners\",\"alternateName\":\"PLUS+Partners Interior & Architecture\",\"url\":\"https:\/\/plusandpartners.com.tr\/\",\"logo\":{\"@type\":\"ImageObject\",\"inLanguage\":\"en-US\",\"@id\":\"https:\/\/plusandpartners.com.tr\/#\/schema\/logo\/image\/\",\"url\":\"https:\/\/plusandpartners.com.tr\/wp-content\/uploads\/2025\/12\/cropped-cropped-siyah-PLuspng.png?wsr\",\"contentUrl\":\"https:\/\/plusandpartners.com.tr\/wp-content\/uploads\/2025\/12\/cropped-cropped-siyah-PLuspng.png?wsr\",\"width\":512,\"height\":512,\"caption\":\"PLUS+Partners\"},\"image\":{\"@id\":\"https:\/\/plusandpartners.com.tr\/#\/schema\/logo\/image\/\"}}]}<\/script>\n<!-- \/ Yoast SEO plugin. -->","yoast_head_json":{"title":"PLUS+Partners","description":"+PLUS; mimari, i\u00e7 mek\u00e2n ve deneyim tasar\u0131m\u0131 alanlar\u0131nda, zamans\u0131z estetik ve i\u015flevselli\u011fi birle\u015ftiren multidisipliner bir tasar\u0131m st\u00fcdyosudur.","robots":{"index":"index","follow":"follow","max-snippet":"max-snippet:-1","max-image-preview":"max-image-preview:large","max-video-preview":"max-video-preview:-1"},"canonical":"https:\/\/plusandpartners.com.tr\/en\/iletisim\/","og_locale":"en_US","og_type":"article","og_title":"PLUS+Partners","og_description":"+PLUS; mimari, i\u00e7 mek\u00e2n ve deneyim tasar\u0131m\u0131 alanlar\u0131nda, zamans\u0131z estetik ve i\u015flevselli\u011fi birle\u015ftiren multidisipliner bir tasar\u0131m st\u00fcdyosudur.","og_url":"https:\/\/plusandpartners.com.tr\/en\/iletisim\/","og_site_name":"PLUS+Partners","article_modified_time":"2026-01-16T13:14:05+00:00","og_image":[{"width":512,"height":512,"url":"https:\/\/plusandpartners.com.tr\/wp-content\/uploads\/2025\/12\/cropped-cropped-siyah-PLuspng.png?wsr","type":"image\/png"}],"twitter_card":"summary_large_image","twitter_misc":{"Est. reading time":"1 minute"},"schema":{"@context":"https:\/\/schema.org","@graph":[{"@type":"WebPage","@id":"https:\/\/plusandpartners.com.tr\/en\/iletisim\/","url":"https:\/\/plusandpartners.com.tr\/en\/iletisim\/","name":"PLUS+Partners","isPartOf":{"@id":"https:\/\/plusandpartners.com.tr\/#website"},"datePublished":"2025-11-29T00:05:12+00:00","dateModified":"2026-01-16T13:14:05+00:00","description":"+PLUS; mimari, i\u00e7 mek\u00e2n ve deneyim tasar\u0131m\u0131 alanlar\u0131nda, zamans\u0131z estetik ve i\u015flevselli\u011fi birle\u015ftiren multidisipliner bir tasar\u0131m st\u00fcdyosudur.","breadcrumb":{"@id":"https:\/\/plusandpartners.com.tr\/en\/iletisim\/#breadcrumb"},"inLanguage":"en-US","potentialAction":[{"@type":"ReadAction","target":["https:\/\/plusandpartners.com.tr\/en\/iletisim\/"]}]},{"@type":"BreadcrumbList","@id":"https:\/\/plusandpartners.com.tr\/en\/iletisim\/#breadcrumb","itemListElement":[{"@type":"ListItem","position":1,"name":"Home","item":"http:\/\/plusandpartners.com.tr\/"},{"@type":"ListItem","position":2,"name":"\u0130leti\u015fim"}]},{"@type":"WebSite","@id":"https:\/\/plusandpartners.com.tr\/#website","url":"https:\/\/plusandpartners.com.tr\/","name":"PLUS+Partners","description":"PLUS+Partners Interior &amp; Architecture","publisher":{"@id":"https:\/\/plusandpartners.com.tr\/#organization"},"potentialAction":[{"@type":"SearchAction","target":{"@type":"EntryPoint","urlTemplate":"https:\/\/plusandpartners.com.tr\/?s={search_term_string}"},"query-input":{"@type":"PropertyValueSpecification","valueRequired":true,"valueName":"search_term_string"}}],"inLanguage":"en-US"},{"@type":"Organization","@id":"https:\/\/plusandpartners.com.tr\/#organization","name":"PLUS+Partners","alternateName":"PLUS+Partners Interior & Architecture","url":"https:\/\/plusandpartners.com.tr\/","logo":{"@type":"ImageObject","inLanguage":"en-US","@id":"https:\/\/plusandpartners.com.tr\/#\/schema\/logo\/image\/","url":"https:\/\/plusandpartners.com.tr\/wp-content\/uploads\/2025\/12\/cropped-cropped-siyah-PLuspng.png?wsr","contentUrl":"https:\/\/plusandpartners.com.tr\/wp-content\/uploads\/2025\/12\/cropped-cropped-siyah-PLuspng.png?wsr","width":512,"height":512,"caption":"PLUS+Partners"},"image":{"@id":"https:\/\/plusandpartners.com.tr\/#\/schema\/logo\/image\/"}}]}},"_links":{"self":[{"href":"https:\/\/plusandpartners.com.tr\/en\/wp-json\/wp\/v2\/pages\/399","targetHints":{"allow":["GET"]}}],"collection":[{"href":"https:\/\/plusandpartners.com.tr\/en\/wp-json\/wp\/v2\/pages"}],"about":[{"href":"https:\/\/plusandpartners.com.tr\/en\/wp-json\/wp\/v2\/types\/page"}],"author":[{"embeddable":true,"href":"https:\/\/plusandpartners.com.tr\/en\/wp-json\/wp\/v2\/users\/1"}],"replies":[{"embeddable":true,"href":"https:\/\/plusandpartners.com.tr\/en\/wp-json\/wp\/v2\/comments?post=399"}],"version-history":[{"count":58,"href":"https:\/\/plusandpartners.com.tr\/en\/wp-json\/wp\/v2\/pages\/399\/revisions"}],"predecessor-version":[{"id":3973,"href":"https:\/\/plusandpartners.com.tr\/en\/wp-json\/wp\/v2\/pages\/399\/revisions\/3973"}],"wp:attachment":[{"href":"https:\/\/plusandpartners.com.tr\/en\/wp-json\/wp\/v2\/media?parent=399"}],"curies":[{"name":"wp","href":"https:\/\/api.w.org\/{rel}","templated":true}]}}