{"id":698,"date":"2025-12-04T21:15:58","date_gmt":"2025-12-04T21:15:58","guid":{"rendered":"http:\/\/plusandpartners.com.tr\/?page_id=698"},"modified":"2026-02-02T16:13:08","modified_gmt":"2026-02-02T13:13:08","slug":"ev","status":"publish","type":"page","link":"https:\/\/plusandpartners.com.tr\/en\/ev\/","title":{"rendered":"Ev"},"content":{"rendered":"<div data-elementor-type=\"wp-page\" data-elementor-id=\"698\" class=\"elementor elementor-698\" data-elementor-settings=\"{&quot;ha_cmc_init_switcher&quot;:&quot;no&quot;}\" data-elementor-post-type=\"page\">\n\t\t\t\t<div class=\"elementor-element elementor-element-637dc9b e-con-full e-flex e-con e-parent\" data-id=\"637dc9b\" data-element_type=\"container\" data-settings=\"{&quot;_ha_eqh_enable&quot;:false}\">\n\t\t<div class=\"elementor-element elementor-element-b25e85e e-con-full e-flex e-con e-child\" data-id=\"b25e85e\" data-element_type=\"container\" data-settings=\"{&quot;_ha_eqh_enable&quot;:false}\">\n\t\t\t\t<div class=\"elementor-element elementor-element-74f6db4 elementor-widget elementor-widget-heading\" data-id=\"74f6db4\" data-element_type=\"widget\" data-settings=\"{&quot;_animation&quot;:&quot;none&quot;,&quot;_animation_delay&quot;:0}\" data-widget_type=\"heading.default\">\n\t\t\t\t\t<h2 class=\"elementor-heading-title elementor-size-default\">Deneyim<\/h2>\t\t\t\t<\/div>\n\t\t\t\t<div class=\"elementor-element elementor-element-426bad0 elementor-widget elementor-widget-heading\" data-id=\"426bad0\" data-element_type=\"widget\" data-settings=\"{&quot;_animation&quot;:&quot;none&quot;}\" data-widget_type=\"heading.default\">\n\t\t\t\t\t<h2 class=\"elementor-heading-title elementor-size-default\">\u0130\u00e7 Mekan ve Mimari<\/h2>\t\t\t\t<\/div>\n\t\t\t\t<\/div>\n\t\t<div class=\"elementor-element elementor-element-49b470f e-con-full e-flex e-con e-child\" data-id=\"49b470f\" data-element_type=\"container\" data-settings=\"{&quot;_ha_eqh_enable&quot;:false}\">\n\t\t\t\t<div class=\"elementor-element elementor-element-cd30998 elementor-widget elementor-widget-text-editor\" data-id=\"cd30998\" data-element_type=\"widget\" data-widget_type=\"text-editor.default\">\n\t\t\t\t\t<p>Bir evi tasarlamak, sadece duvarlar\u0131 \u00f6rmek de\u011fil, orada ge\u00e7ecek sabah kahvalt\u0131lar\u0131n\u0131n huzurunu ve ak\u015fam sohbetlerinin s\u0131cakl\u0131\u011f\u0131n\u0131 kurgulamakt\u0131r. Konut projelerimizde, kullan\u0131c\u0131n\u0131n ya\u015fam al\u0131\u015fkanl\u0131klar\u0131n\u0131 mimari bir ritme d\u00f6n\u00fc\u015ft\u00fcr\u00fcyoruz.<\/p>\t\t\t\t<\/div>\n\t\t\t\t<\/div>\n\t\t\t\t<\/div>\n\t\t<div class=\"elementor-element elementor-element-b9de9eb e-con-full e-flex e-con e-parent\" data-id=\"b9de9eb\" data-element_type=\"container\" data-settings=\"{&quot;_ha_eqh_enable&quot;:false}\">\n\t\t<div data-ha-element-link=\"{&quot;url&quot;:&quot;http:\\\/\\\/plusandpartners.com.tr\\\/ev\\\/muhito-no-4-gumussuyu\\\/&quot;,&quot;is_external&quot;:&quot;&quot;,&quot;nofollow&quot;:&quot;&quot;}\" style=\"cursor: pointer\" class=\"elementor-element elementor-element-5f6e36d e-con-full e-flex e-con e-child\" data-id=\"5f6e36d\" data-element_type=\"container\" data-settings=\"{&quot;_ha_eqh_enable&quot;:false}\">\n\t\t\t\t<div class=\"elementor-element elementor-element-ef8d22e elementor-invisible elementor-widget elementor-widget-heading\" data-id=\"ef8d22e\" data-element_type=\"widget\" data-settings=\"{&quot;motion_fx_motion_fx_mouse&quot;:&quot;yes&quot;,&quot;_animation&quot;:&quot;fadeIn&quot;}\" data-widget_type=\"heading.default\">\n\t\t\t\t\t<h2 class=\"elementor-heading-title elementor-size-default\"><a href=\"http:\/\/plusandpartners.com.tr\/ev\/muhito-no-4-gumussuyu\/\">MuhitO No : 4 G\u00fcm\u00fc\u015fsuyu<\/a><\/h2>\t\t\t\t<\/div>\n\t\t\t\t<\/div>\n\t\t<div data-ha-element-link=\"{&quot;url&quot;:&quot;http:\\\/\\\/plusandpartners.com.tr\\\/ev\\\/muhito-no-3-cihangir\\\/&quot;,&quot;is_external&quot;:&quot;&quot;,&quot;nofollow&quot;:&quot;&quot;}\" style=\"cursor: pointer\" class=\"elementor-element elementor-element-cc488e4 e-con-full e-flex e-con e-child\" data-id=\"cc488e4\" data-element_type=\"container\" data-settings=\"{&quot;_ha_eqh_enable&quot;:false}\">\n\t\t\t\t<div class=\"elementor-element elementor-element-568685f elementor-invisible elementor-widget elementor-widget-heading\" data-id=\"568685f\" data-element_type=\"widget\" data-settings=\"{&quot;motion_fx_motion_fx_mouse&quot;:&quot;yes&quot;,&quot;_animation&quot;:&quot;fadeIn&quot;}\" data-widget_type=\"heading.default\">\n\t\t\t\t\t<h2 class=\"elementor-heading-title elementor-size-default\"><a href=\"http:\/\/plusandpartners.com.tr\/ev\/muhito-no-3-cihangir\/\">MuhitO No : 3 Cihangir<\/a><\/h2>\t\t\t\t<\/div>\n\t\t\t\t<\/div>\n\t\t<div data-ha-element-link=\"{&quot;url&quot;:&quot;http:\\\/\\\/plusandpartners.com.tr\\\/ev\\\/ozbek-evi\\\/&quot;,&quot;is_external&quot;:&quot;&quot;,&quot;nofollow&quot;:&quot;&quot;}\" style=\"cursor: pointer\" class=\"elementor-element elementor-element-6729e94 e-con-full e-flex e-con e-child\" data-id=\"6729e94\" data-element_type=\"container\" data-settings=\"{&quot;_ha_eqh_enable&quot;:false}\">\n\t\t\t\t<div class=\"elementor-element elementor-element-0ca1420 elementor-invisible elementor-widget elementor-widget-heading\" data-id=\"0ca1420\" data-element_type=\"widget\" data-settings=\"{&quot;motion_fx_motion_fx_mouse&quot;:&quot;yes&quot;,&quot;_animation&quot;:&quot;fadeIn&quot;}\" data-widget_type=\"heading.default\">\n\t\t\t\t\t<h2 class=\"elementor-heading-title elementor-size-default\"><a href=\"http:\/\/plusandpartners.com.tr\/ev\/ozbek-evi\/\">\u00d6zbek Evi<\/a><\/h2>\t\t\t\t<\/div>\n\t\t\t\t<\/div>\n\t\t\t\t<\/div>\n\t\t<div class=\"elementor-element elementor-element-a8be9a2 e-con-full e-flex e-con e-parent\" data-id=\"a8be9a2\" data-element_type=\"container\" data-settings=\"{&quot;background_background&quot;:&quot;classic&quot;,&quot;_ha_eqh_enable&quot;:false}\">\n\t\t<div data-ha-element-link=\"{&quot;url&quot;:&quot;http:\\\/\\\/plusandpartners.com.tr\\\/ev\\\/eston-evi\\\/&quot;,&quot;is_external&quot;:&quot;&quot;,&quot;nofollow&quot;:&quot;&quot;}\" style=\"cursor: pointer\" class=\"elementor-element elementor-element-608255d e-con-full e-flex e-con e-child\" data-id=\"608255d\" data-element_type=\"container\" data-settings=\"{&quot;_ha_eqh_enable&quot;:false}\">\n\t\t\t\t<div class=\"elementor-element elementor-element-6e6deb2 elementor-invisible elementor-widget elementor-widget-heading\" data-id=\"6e6deb2\" data-element_type=\"widget\" data-settings=\"{&quot;motion_fx_motion_fx_mouse&quot;:&quot;yes&quot;,&quot;_animation&quot;:&quot;fadeIn&quot;}\" data-widget_type=\"heading.default\">\n\t\t\t\t\t<h2 class=\"elementor-heading-title elementor-size-default\"><a href=\"http:\/\/plusandpartners.com.tr\/ev\/eston-evi\/\">Eston Evi\n\u200b<\/a><\/h2>\t\t\t\t<\/div>\n\t\t\t\t<\/div>\n\t\t<div data-ha-element-link=\"{&quot;url&quot;:&quot;https:\\\/\\\/plusandpartners.com.tr\\\/ev\\\/aydin-evi\\\/&quot;,&quot;is_external&quot;:&quot;&quot;,&quot;nofollow&quot;:&quot;&quot;}\" style=\"cursor: pointer\" class=\"elementor-element elementor-element-845eb1e e-con-full e-flex e-con e-child\" data-id=\"845eb1e\" data-element_type=\"container\" data-settings=\"{&quot;_ha_eqh_enable&quot;:false}\">\n\t\t\t\t<div class=\"elementor-element elementor-element-2aaf07f elementor-invisible elementor-widget elementor-widget-heading\" data-id=\"2aaf07f\" data-element_type=\"widget\" data-settings=\"{&quot;motion_fx_motion_fx_mouse&quot;:&quot;yes&quot;,&quot;_animation&quot;:&quot;fadeIn&quot;}\" data-widget_type=\"heading.default\">\n\t\t\t\t\t<h2 class=\"elementor-heading-title elementor-size-default\"><a href=\"https:\/\/plusandpartners.com.tr\/ev\/aydin-evi\/\">Ayd\u0131n Evi<\/a><\/h2>\t\t\t\t<\/div>\n\t\t\t\t<\/div>\n\t\t<div data-ha-element-link=\"{&quot;url&quot;:&quot;http:\\\/\\\/plusandpartners.com.tr\\\/ev\\\/new-jersey-house\\\/&quot;,&quot;is_external&quot;:&quot;&quot;,&quot;nofollow&quot;:&quot;&quot;}\" style=\"cursor: pointer\" class=\"elementor-element elementor-element-137d8e7 e-con-full e-flex e-con e-child\" data-id=\"137d8e7\" data-element_type=\"container\" data-settings=\"{&quot;_ha_eqh_enable&quot;:false}\">\n\t\t\t\t<div class=\"elementor-element elementor-element-d01480a elementor-invisible elementor-widget elementor-widget-heading\" data-id=\"d01480a\" data-element_type=\"widget\" data-settings=\"{&quot;motion_fx_motion_fx_mouse&quot;:&quot;yes&quot;,&quot;_animation&quot;:&quot;fadeIn&quot;}\" data-widget_type=\"heading.default\">\n\t\t\t\t\t<h2 class=\"elementor-heading-title elementor-size-default\"><a href=\"http:\/\/plusandpartners.com.tr\/ev\/new-jersey-house\/\">New Jersey House<\/a><\/h2>\t\t\t\t<\/div>\n\t\t\t\t<\/div>\n\t\t\t\t<\/div>\n\t\t<div class=\"elementor-element elementor-element-57d1f10 e-con-full e-flex e-con e-parent\" data-id=\"57d1f10\" data-element_type=\"container\" data-settings=\"{&quot;_ha_eqh_enable&quot;:false}\">\n\t\t<div data-ha-element-link=\"{&quot;url&quot;:&quot;https:\\\/\\\/plusandpartners.com.tr\\\/ev\\\/regnum-evleri\\\/&quot;,&quot;is_external&quot;:&quot;&quot;,&quot;nofollow&quot;:&quot;&quot;}\" style=\"cursor: pointer\" class=\"elementor-element elementor-element-7195627 e-con-full e-flex e-con e-child\" data-id=\"7195627\" data-element_type=\"container\" data-settings=\"{&quot;_ha_eqh_enable&quot;:false}\">\n\t\t\t\t<div class=\"elementor-element elementor-element-1de2247 elementor-invisible elementor-widget elementor-widget-heading\" data-id=\"1de2247\" data-element_type=\"widget\" data-settings=\"{&quot;motion_fx_motion_fx_mouse&quot;:&quot;yes&quot;,&quot;_animation&quot;:&quot;fadeIn&quot;}\" data-widget_type=\"heading.default\">\n\t\t\t\t\t<h2 class=\"elementor-heading-title elementor-size-default\"><a href=\"https:\/\/plusandpartners.com.tr\/ev\/regnum-evleri\/\">Regnum Evleri<\/a><\/h2>\t\t\t\t<\/div>\n\t\t\t\t<\/div>\n\t\t<div data-ha-element-link=\"{&quot;url&quot;:&quot;http:\\\/\\\/plusandpartners.com.tr\\\/ev\\\/gulkaya-evi\\\/&quot;,&quot;is_external&quot;:&quot;&quot;,&quot;nofollow&quot;:&quot;&quot;}\" style=\"cursor: pointer\" class=\"elementor-element elementor-element-eb3cdb0 e-con-full e-flex e-con e-child\" data-id=\"eb3cdb0\" data-element_type=\"container\" data-settings=\"{&quot;_ha_eqh_enable&quot;:false}\">\n\t\t\t\t<div class=\"elementor-element elementor-element-5f945b5 elementor-invisible elementor-widget elementor-widget-heading\" data-id=\"5f945b5\" data-element_type=\"widget\" data-settings=\"{&quot;motion_fx_motion_fx_mouse&quot;:&quot;yes&quot;,&quot;_animation&quot;:&quot;fadeIn&quot;}\" data-widget_type=\"heading.default\">\n\t\t\t\t\t<h2 class=\"elementor-heading-title elementor-size-default\"><a href=\"http:\/\/plusandpartners.com.tr\/ev\/gulkaya-evi\/\">G\u00fclkaya Evi<\/a><\/h2>\t\t\t\t<\/div>\n\t\t\t\t<\/div>\n\t\t<div data-ha-element-link=\"{&quot;url&quot;:&quot;http:\\\/\\\/plusandpartners.com.tr\\\/ev\\\/miami-evi\\\/&quot;,&quot;is_external&quot;:&quot;&quot;,&quot;nofollow&quot;:&quot;&quot;}\" style=\"cursor: pointer\" class=\"elementor-element elementor-element-5f7e082 e-con-full e-flex e-con e-child\" data-id=\"5f7e082\" data-element_type=\"container\" data-settings=\"{&quot;_ha_eqh_enable&quot;:false}\">\n\t\t\t\t<div class=\"elementor-element elementor-element-dc4404f elementor-invisible elementor-widget elementor-widget-heading\" data-id=\"dc4404f\" data-element_type=\"widget\" data-settings=\"{&quot;motion_fx_motion_fx_mouse&quot;:&quot;yes&quot;,&quot;_animation&quot;:&quot;fadeIn&quot;}\" data-widget_type=\"heading.default\">\n\t\t\t\t\t<h2 class=\"elementor-heading-title elementor-size-default\"><a href=\"http:\/\/plusandpartners.com.tr\/ev\/miami-evi\/\">Miami Evi<\/a><\/h2>\t\t\t\t<\/div>\n\t\t\t\t<\/div>\n\t\t\t\t<\/div>\n\t\t<div class=\"elementor-element elementor-element-9d88ca9 e-con-full e-flex e-con e-parent\" data-id=\"9d88ca9\" data-element_type=\"container\" data-settings=\"{&quot;_ha_eqh_enable&quot;:false}\">\n\t\t<div data-ha-element-link=\"{&quot;url&quot;:&quot;http:\\\/\\\/plusandpartners.com.tr\\\/ev\\\/eris-evi\\\/&quot;,&quot;is_external&quot;:&quot;&quot;,&quot;nofollow&quot;:&quot;&quot;}\" style=\"cursor: pointer\" class=\"elementor-element elementor-element-a1e48f8 e-con-full e-flex e-con e-child\" data-id=\"a1e48f8\" data-element_type=\"container\" data-settings=\"{&quot;_ha_eqh_enable&quot;:false}\">\n\t\t\t\t<div class=\"elementor-element elementor-element-2bd5b7f elementor-invisible elementor-widget elementor-widget-heading\" data-id=\"2bd5b7f\" data-element_type=\"widget\" data-settings=\"{&quot;motion_fx_motion_fx_mouse&quot;:&quot;yes&quot;,&quot;_animation&quot;:&quot;fadeIn&quot;}\" data-widget_type=\"heading.default\">\n\t\t\t\t\t<h2 class=\"elementor-heading-title elementor-size-default\"><a href=\"http:\/\/plusandpartners.com.tr\/ev\/eris-evi\/\">Eri\u015f Evi<\/a><\/h2>\t\t\t\t<\/div>\n\t\t\t\t<\/div>\n\t\t<div data-ha-element-link=\"{&quot;url&quot;:&quot;http:\\\/\\\/plusandpartners.com.tr\\\/ev\\\/sivri-evi-etiler\\\/&quot;,&quot;is_external&quot;:&quot;&quot;,&quot;nofollow&quot;:&quot;&quot;}\" style=\"cursor: pointer\" class=\"elementor-element elementor-element-dc9d4dd e-con-full e-flex e-con e-child\" data-id=\"dc9d4dd\" data-element_type=\"container\" data-settings=\"{&quot;_ha_eqh_enable&quot;:false}\">\n\t\t\t\t<div class=\"elementor-element elementor-element-3bf342d elementor-invisible elementor-widget elementor-widget-heading\" data-id=\"3bf342d\" data-element_type=\"widget\" data-settings=\"{&quot;motion_fx_motion_fx_mouse&quot;:&quot;yes&quot;,&quot;_animation&quot;:&quot;fadeIn&quot;}\" data-widget_type=\"heading.default\">\n\t\t\t\t\t<h2 class=\"elementor-heading-title elementor-size-default\"><a href=\"http:\/\/plusandpartners.com.tr\/ev\/sivri-evi-etiler\/\">Sivri Evi Etiler<\/a><\/h2>\t\t\t\t<\/div>\n\t\t\t\t<\/div>\n\t\t\t\t<\/div>\n\t\t\t\t<\/div>","protected":false},"excerpt":{"rendered":"<p>Deneyim \u0130\u00e7 Mekan ve Mimari Bir evi tasarlamak, sadece duvarlar\u0131 \u00f6rmek de\u011fil, orada ge\u00e7ecek sabah kahvalt\u0131lar\u0131n\u0131n huzurunu ve ak\u015fam sohbetlerinin s\u0131cakl\u0131\u011f\u0131n\u0131 kurgulamakt\u0131r. Konut projelerimizde, kullan\u0131c\u0131n\u0131n ya\u015fam al\u0131\u015fkanl\u0131klar\u0131n\u0131 mimari bir ritme d\u00f6n\u00fc\u015ft\u00fcr\u00fcyoruz. MuhitO No : 4 G\u00fcm\u00fc\u015fsuyu MuhitO No : 3 Cihangir \u00d6zbek Evi Eston Evi \u200b Ayd\u0131n Evi New Jersey House Regnum Evleri G\u00fclkaya Evi [&hellip;]<\/p>","protected":false},"author":1,"featured_media":0,"parent":0,"menu_order":0,"comment_status":"closed","ping_status":"closed","template":"","meta":{"footnotes":""},"class_list":["post-698","page","type-page","status-publish","hentry"],"yoast_head":"<!-- This site is optimized with the Yoast SEO plugin v26.5 - https:\/\/yoast.com\/wordpress\/plugins\/seo\/ -->\n<title>PLUS+Partners<\/title>\n<meta name=\"description\" content=\"+PLUS; mimari, i\u00e7 mek\u00e2n ve deneyim tasar\u0131m\u0131 alanlar\u0131nda, zamans\u0131z estetik ve i\u015flevselli\u011fi birle\u015ftiren multidisipliner bir tasar\u0131m st\u00fcdyosudur.\" \/>\n<meta name=\"robots\" content=\"index, follow, max-snippet:-1, max-image-preview:large, max-video-preview:-1\" \/>\n<link rel=\"canonical\" href=\"https:\/\/plusandpartners.com.tr\/en\/ev\/\" \/>\n<meta property=\"og:locale\" content=\"en_US\" \/>\n<meta property=\"og:type\" content=\"article\" \/>\n<meta property=\"og:title\" content=\"PLUS+Partners\" \/>\n<meta property=\"og:description\" content=\"+PLUS; mimari, i\u00e7 mek\u00e2n ve deneyim tasar\u0131m\u0131 alanlar\u0131nda, zamans\u0131z estetik ve i\u015flevselli\u011fi birle\u015ftiren multidisipliner bir tasar\u0131m st\u00fcdyosudur.\" \/>\n<meta property=\"og:url\" content=\"https:\/\/plusandpartners.com.tr\/en\/ev\/\" \/>\n<meta property=\"og:site_name\" content=\"PLUS+Partners\" \/>\n<meta property=\"article:modified_time\" content=\"2026-02-02T13:13:08+00:00\" \/>\n<meta property=\"og:image\" content=\"https:\/\/plusandpartners.com.tr\/wp-content\/uploads\/2025\/12\/cropped-cropped-siyah-PLuspng.png?wsr\" \/>\n\t<meta property=\"og:image:width\" content=\"512\" \/>\n\t<meta property=\"og:image:height\" content=\"512\" \/>\n\t<meta property=\"og:image:type\" content=\"image\/png\" \/>\n<meta name=\"twitter:card\" content=\"summary_large_image\" \/>\n<meta name=\"twitter:label1\" content=\"Est. reading time\" \/>\n\t<meta name=\"twitter:data1\" content=\"1 minute\" \/>\n<script type=\"application\/ld+json\" class=\"yoast-schema-graph\">{\"@context\":\"https:\/\/schema.org\",\"@graph\":[{\"@type\":\"WebPage\",\"@id\":\"https:\/\/plusandpartners.com.tr\/en\/ev\/\",\"url\":\"https:\/\/plusandpartners.com.tr\/en\/ev\/\",\"name\":\"PLUS+Partners\",\"isPartOf\":{\"@id\":\"https:\/\/plusandpartners.com.tr\/#website\"},\"datePublished\":\"2025-12-04T21:15:58+00:00\",\"dateModified\":\"2026-02-02T13:13:08+00:00\",\"description\":\"+PLUS; mimari, i\u00e7 mek\u00e2n ve deneyim tasar\u0131m\u0131 alanlar\u0131nda, zamans\u0131z estetik ve i\u015flevselli\u011fi birle\u015ftiren multidisipliner bir tasar\u0131m st\u00fcdyosudur.\",\"breadcrumb\":{\"@id\":\"https:\/\/plusandpartners.com.tr\/en\/ev\/#breadcrumb\"},\"inLanguage\":\"en-US\",\"potentialAction\":[{\"@type\":\"ReadAction\",\"target\":[\"https:\/\/plusandpartners.com.tr\/en\/ev\/\"]}]},{\"@type\":\"BreadcrumbList\",\"@id\":\"https:\/\/plusandpartners.com.tr\/en\/ev\/#breadcrumb\",\"itemListElement\":[{\"@type\":\"ListItem\",\"position\":1,\"name\":\"Home\",\"item\":\"http:\/\/plusandpartners.com.tr\/\"},{\"@type\":\"ListItem\",\"position\":2,\"name\":\"Ev\"}]},{\"@type\":\"WebSite\",\"@id\":\"https:\/\/plusandpartners.com.tr\/#website\",\"url\":\"https:\/\/plusandpartners.com.tr\/\",\"name\":\"PLUS+Partners\",\"description\":\"PLUS+Partners Interior &amp; Architecture\",\"publisher\":{\"@id\":\"https:\/\/plusandpartners.com.tr\/#organization\"},\"potentialAction\":[{\"@type\":\"SearchAction\",\"target\":{\"@type\":\"EntryPoint\",\"urlTemplate\":\"https:\/\/plusandpartners.com.tr\/?s={search_term_string}\"},\"query-input\":{\"@type\":\"PropertyValueSpecification\",\"valueRequired\":true,\"valueName\":\"search_term_string\"}}],\"inLanguage\":\"en-US\"},{\"@type\":\"Organization\",\"@id\":\"https:\/\/plusandpartners.com.tr\/#organization\",\"name\":\"PLUS+Partners\",\"alternateName\":\"PLUS+Partners Interior & Architecture\",\"url\":\"https:\/\/plusandpartners.com.tr\/\",\"logo\":{\"@type\":\"ImageObject\",\"inLanguage\":\"en-US\",\"@id\":\"https:\/\/plusandpartners.com.tr\/#\/schema\/logo\/image\/\",\"url\":\"https:\/\/plusandpartners.com.tr\/wp-content\/uploads\/2025\/12\/cropped-cropped-siyah-PLuspng.png?wsr\",\"contentUrl\":\"https:\/\/plusandpartners.com.tr\/wp-content\/uploads\/2025\/12\/cropped-cropped-siyah-PLuspng.png?wsr\",\"width\":512,\"height\":512,\"caption\":\"PLUS+Partners\"},\"image\":{\"@id\":\"https:\/\/plusandpartners.com.tr\/#\/schema\/logo\/image\/\"}}]}<\/script>\n<!-- \/ Yoast SEO plugin. -->","yoast_head_json":{"title":"PLUS+Partners","description":"+PLUS; mimari, i\u00e7 mek\u00e2n ve deneyim tasar\u0131m\u0131 alanlar\u0131nda, zamans\u0131z estetik ve i\u015flevselli\u011fi birle\u015ftiren multidisipliner bir tasar\u0131m st\u00fcdyosudur.","robots":{"index":"index","follow":"follow","max-snippet":"max-snippet:-1","max-image-preview":"max-image-preview:large","max-video-preview":"max-video-preview:-1"},"canonical":"https:\/\/plusandpartners.com.tr\/en\/ev\/","og_locale":"en_US","og_type":"article","og_title":"PLUS+Partners","og_description":"+PLUS; mimari, i\u00e7 mek\u00e2n ve deneyim tasar\u0131m\u0131 alanlar\u0131nda, zamans\u0131z estetik ve i\u015flevselli\u011fi birle\u015ftiren multidisipliner bir tasar\u0131m st\u00fcdyosudur.","og_url":"https:\/\/plusandpartners.com.tr\/en\/ev\/","og_site_name":"PLUS+Partners","article_modified_time":"2026-02-02T13:13:08+00:00","og_image":[{"width":512,"height":512,"url":"https:\/\/plusandpartners.com.tr\/wp-content\/uploads\/2025\/12\/cropped-cropped-siyah-PLuspng.png?wsr","type":"image\/png"}],"twitter_card":"summary_large_image","twitter_misc":{"Est. reading time":"1 minute"},"schema":{"@context":"https:\/\/schema.org","@graph":[{"@type":"WebPage","@id":"https:\/\/plusandpartners.com.tr\/en\/ev\/","url":"https:\/\/plusandpartners.com.tr\/en\/ev\/","name":"PLUS+Partners","isPartOf":{"@id":"https:\/\/plusandpartners.com.tr\/#website"},"datePublished":"2025-12-04T21:15:58+00:00","dateModified":"2026-02-02T13:13:08+00:00","description":"+PLUS; mimari, i\u00e7 mek\u00e2n ve deneyim tasar\u0131m\u0131 alanlar\u0131nda, zamans\u0131z estetik ve i\u015flevselli\u011fi birle\u015ftiren multidisipliner bir tasar\u0131m st\u00fcdyosudur.","breadcrumb":{"@id":"https:\/\/plusandpartners.com.tr\/en\/ev\/#breadcrumb"},"inLanguage":"en-US","potentialAction":[{"@type":"ReadAction","target":["https:\/\/plusandpartners.com.tr\/en\/ev\/"]}]},{"@type":"BreadcrumbList","@id":"https:\/\/plusandpartners.com.tr\/en\/ev\/#breadcrumb","itemListElement":[{"@type":"ListItem","position":1,"name":"Home","item":"http:\/\/plusandpartners.com.tr\/"},{"@type":"ListItem","position":2,"name":"Ev"}]},{"@type":"WebSite","@id":"https:\/\/plusandpartners.com.tr\/#website","url":"https:\/\/plusandpartners.com.tr\/","name":"PLUS+Partners","description":"PLUS+Partners Interior &amp; Architecture","publisher":{"@id":"https:\/\/plusandpartners.com.tr\/#organization"},"potentialAction":[{"@type":"SearchAction","target":{"@type":"EntryPoint","urlTemplate":"https:\/\/plusandpartners.com.tr\/?s={search_term_string}"},"query-input":{"@type":"PropertyValueSpecification","valueRequired":true,"valueName":"search_term_string"}}],"inLanguage":"en-US"},{"@type":"Organization","@id":"https:\/\/plusandpartners.com.tr\/#organization","name":"PLUS+Partners","alternateName":"PLUS+Partners Interior & Architecture","url":"https:\/\/plusandpartners.com.tr\/","logo":{"@type":"ImageObject","inLanguage":"en-US","@id":"https:\/\/plusandpartners.com.tr\/#\/schema\/logo\/image\/","url":"https:\/\/plusandpartners.com.tr\/wp-content\/uploads\/2025\/12\/cropped-cropped-siyah-PLuspng.png?wsr","contentUrl":"https:\/\/plusandpartners.com.tr\/wp-content\/uploads\/2025\/12\/cropped-cropped-siyah-PLuspng.png?wsr","width":512,"height":512,"caption":"PLUS+Partners"},"image":{"@id":"https:\/\/plusandpartners.com.tr\/#\/schema\/logo\/image\/"}}]}},"_links":{"self":[{"href":"https:\/\/plusandpartners.com.tr\/en\/wp-json\/wp\/v2\/pages\/698","targetHints":{"allow":["GET"]}}],"collection":[{"href":"https:\/\/plusandpartners.com.tr\/en\/wp-json\/wp\/v2\/pages"}],"about":[{"href":"https:\/\/plusandpartners.com.tr\/en\/wp-json\/wp\/v2\/types\/page"}],"author":[{"embeddable":true,"href":"https:\/\/plusandpartners.com.tr\/en\/wp-json\/wp\/v2\/users\/1"}],"replies":[{"embeddable":true,"href":"https:\/\/plusandpartners.com.tr\/en\/wp-json\/wp\/v2\/comments?post=698"}],"version-history":[{"count":103,"href":"https:\/\/plusandpartners.com.tr\/en\/wp-json\/wp\/v2\/pages\/698\/revisions"}],"predecessor-version":[{"id":4500,"href":"https:\/\/plusandpartners.com.tr\/en\/wp-json\/wp\/v2\/pages\/698\/revisions\/4500"}],"wp:attachment":[{"href":"https:\/\/plusandpartners.com.tr\/en\/wp-json\/wp\/v2\/media?parent=698"}],"curies":[{"name":"wp","href":"https:\/\/api.w.org\/{rel}","templated":true}]}}